{"id":160331,"date":"2025-06-03T11:18:49","date_gmt":"2025-06-03T09:18:49","guid":{"rendered":"https:\/\/cofem.com\/selling-points\/"},"modified":"2025-07-16T07:32:25","modified_gmt":"2025-07-16T05:32:25","slug":"selling-points","status":"publish","type":"page","link":"https:\/\/cofem.com\/en\/selling-points\/","title":{"rendered":"Selling points"},"content":{"rendered":"<div class=\"wpb-content-wrapper\"><p>[vc_row unlock_row_content=&#8221;yes&#8221; row_height_percent=&#8221;0&#8243; override_padding=&#8221;yes&#8221; h_padding=&#8221;2&#8243; top_padding=&#8221;5&#8243; bottom_padding=&#8221;5&#8243; back_color=&#8221;color-gyho&#8221; overlay_alpha=&#8221;50&#8243; gutter_size=&#8221;3&#8243; column_width_percent=&#8221;100&#8243; shift_y=&#8221;0&#8243; z_index=&#8221;0&#8243; content_parallax=&#8221;0&#8243; uncode_shortcode_id=&#8221;705008&#8243; back_color_type=&#8221;uncode-palette&#8221;][vc_column column_width_use_pixel=&#8221;yes&#8221; gutter_size=&#8221;4&#8243; override_padding=&#8221;yes&#8221; column_padding=&#8221;3&#8243; back_color=&#8221;color-xsdn&#8221; overlay_alpha=&#8221;50&#8243; radius=&#8221;std&#8221; shift_x=&#8221;0&#8243; shift_y=&#8221;0&#8243; shift_y_down=&#8221;0&#8243; z_index=&#8221;0&#8243; medium_width=&#8221;0&#8243; mobile_width=&#8221;0&#8243; width=&#8221;1\/1&#8243; column_width_pixel=&#8221;1200&#8243; uncode_shortcode_id=&#8221;677496&#8243; back_color_type=&#8221;uncode-palette&#8221;][vc_row_inner][vc_column_inner column_width_percent=&#8221;100&#8243; align_horizontal=&#8221;align_center&#8221; gutter_size=&#8221;2&#8243; overlay_alpha=&#8221;50&#8243; shift_x=&#8221;0&#8243; shift_y=&#8221;0&#8243; shift_y_down=&#8221;0&#8243; z_index=&#8221;0&#8243; medium_width=&#8221;0&#8243; mobile_width=&#8221;0&#8243; width=&#8221;1\/1&#8243;][vc_custom_heading heading_semantic=&#8221;h6&#8243; text_size=&#8221;&#8221; text_weight=&#8221;300&#8243; text_transform=&#8221;uppercase&#8221; uncode_shortcode_id=&#8221;109702&#8243;]Official selling points[\/vc_custom_heading][vc_custom_heading text_color=&#8221;color-116820&#8243; text_weight=&#8221;300&#8243; uncode_shortcode_id=&#8221;765252&#8243; text_color_type=&#8221;uncode-palette&#8221;]<strong>Official representatives<\/strong> of Cofem solutions[\/vc_custom_heading][vc_column_text text_lead=&#8221;yes&#8221; text_color=&#8221;color-116820&#8243; uncode_shortcode_id=&#8221;388699&#8243; text_color_type=&#8221;uncode-palette&#8221;]Our official points of sale are more than just commercial establishments: they are trusted spaces where quality and personalized attention converge. Each point has been carefully selected to faithfully represent our standards, guaranteeing access to original products and expert advice. Thanks to their proximity and knowledge of the local market, these points of sale facilitate an agile and safe experience, backed by Cofem&#8217;s commitment and innovation.[\/vc_column_text][\/vc_column_inner][\/vc_row_inner][vc_accordion active_tab=&#8221;0&#8243;][vc_accordion_tab gutter_size=&#8221;2&#8243; column_padding=&#8221;2&#8243; title=&#8221;Nulinea&#8221; tab_id=&#8221;6dad8f3c-7309-8155567891400115556795059528c05-44bb7267496&#8243;][vc_row_inner row_inner_height_percent=&#8221;0&#8243; back_color=&#8221;color-xsdn&#8221; overlay_alpha=&#8221;50&#8243; equal_height=&#8221;yes&#8221; gutter_size=&#8221;3&#8243; shift_y=&#8221;0&#8243; z_index=&#8221;0&#8243; uncode_shortcode_id=&#8221;197089&#8243; back_color_type=&#8221;uncode-palette&#8221;][vc_column_inner column_width_percent=&#8221;100&#8243; gutter_size=&#8221;2&#8243; overlay_alpha=&#8221;50&#8243; shift_x=&#8221;0&#8243; shift_y=&#8221;0&#8243; shift_y_down=&#8221;0&#8243; z_index=&#8221;0&#8243; medium_width=&#8221;0&#8243; mobile_width=&#8221;0&#8243; width=&#8221;1\/2&#8243; uncode_shortcode_id=&#8221;181965&#8243;][vc_custom_heading text_color=&#8221;color-116820&#8243; text_size=&#8221;h5&#8243; text_weight=&#8221;300&#8243; uncode_shortcode_id=&#8221;667720&#8243; text_color_type=&#8221;uncode-palette&#8221;]<strong>Nulinea Fire Protection Services<\/strong>[\/vc_custom_heading][vc_column_text uncode_shortcode_id=&#8221;598548&#8243;]Calle de la Resina, 43, Nave 22 28021 Madrid<br \/>\n<strong>658 822 036 | nulinea@nulinea.com<\/strong><br \/>\nwww.nulinea.com<\/p>\n<p>[\/vc_column_text][\/vc_column_inner][vc_column_inner column_width_percent=&#8221;71&#8243; gutter_size=&#8221;2&#8243; overlay_alpha=&#8221;50&#8243; shift_x=&#8221;0&#8243; shift_y=&#8221;0&#8243; shift_y_down=&#8221;0&#8243; z_index=&#8221;0&#8243; medium_width=&#8221;0&#8243; mobile_width=&#8221;0&#8243; width=&#8221;1\/2&#8243; uncode_shortcode_id=&#8221;153178&#8243;][\/vc_column_inner][\/vc_row_inner][\/vc_accordion_tab][vc_accordion_tab gutter_size=&#8221;2&#8243; column_padding=&#8221;2&#8243; title=&#8221;Discom Levante&#8221; tab_id=&#8221;6dad8f3c-7309-8155567891400115556795059528c05-44bb726749607203&#8243;][vc_row_inner row_inner_height_percent=&#8221;0&#8243; back_color=&#8221;color-xsdn&#8221; overlay_alpha=&#8221;50&#8243; equal_height=&#8221;yes&#8221; gutter_size=&#8221;3&#8243; shift_y=&#8221;0&#8243; z_index=&#8221;0&#8243; uncode_shortcode_id=&#8221;197089&#8243; back_color_type=&#8221;uncode-palette&#8221;][vc_column_inner column_width_percent=&#8221;100&#8243; gutter_size=&#8221;2&#8243; overlay_alpha=&#8221;50&#8243; shift_x=&#8221;0&#8243; shift_y=&#8221;0&#8243; shift_y_down=&#8221;0&#8243; z_index=&#8221;0&#8243; medium_width=&#8221;0&#8243; mobile_width=&#8221;0&#8243; width=&#8221;1\/2&#8243; uncode_shortcode_id=&#8221;181965&#8243;][vc_custom_heading text_color=&#8221;color-116820&#8243; text_size=&#8221;h5&#8243; text_weight=&#8221;300&#8243; uncode_shortcode_id=&#8221;184989&#8243; text_color_type=&#8221;uncode-palette&#8221;]<strong>Discom Levante<\/strong>[\/vc_custom_heading][vc_column_text uncode_shortcode_id=&#8221;213718&#8243;]C\/ d\u2019Alboraia, 52, La Sa\u00efdia, 46010 Val\u00e8ncia, Valencia<br \/>\n<strong>+34 963 39 23 73 | ivan.cofem@dclevante.com<\/strong><br \/>\nwww.dclevante.com[\/vc_column_text][\/vc_column_inner][vc_column_inner column_width_percent=&#8221;71&#8243; gutter_size=&#8221;2&#8243; overlay_alpha=&#8221;50&#8243; shift_x=&#8221;0&#8243; shift_y=&#8221;0&#8243; shift_y_down=&#8221;0&#8243; z_index=&#8221;0&#8243; medium_width=&#8221;0&#8243; mobile_width=&#8221;0&#8243; width=&#8221;1\/2&#8243; uncode_shortcode_id=&#8221;153178&#8243;][\/vc_column_inner][\/vc_row_inner][\/vc_accordion_tab][vc_accordion_tab gutter_size=&#8221;2&#8243; column_padding=&#8221;2&#8243; title=&#8221;Repretel&#8221; tab_id=&#8221;6dad8f3c-7309-8155567891400115556795059528c05-44bb729&#8243;][vc_row_inner row_inner_height_percent=&#8221;0&#8243; back_color=&#8221;color-xsdn&#8221; overlay_alpha=&#8221;50&#8243; equal_height=&#8221;yes&#8221; gutter_size=&#8221;3&#8243; shift_y=&#8221;0&#8243; z_index=&#8221;0&#8243; uncode_shortcode_id=&#8221;197089&#8243; back_color_type=&#8221;uncode-palette&#8221;][vc_column_inner column_width_percent=&#8221;100&#8243; gutter_size=&#8221;2&#8243; overlay_alpha=&#8221;50&#8243; shift_x=&#8221;0&#8243; shift_y=&#8221;0&#8243; shift_y_down=&#8221;0&#8243; z_index=&#8221;0&#8243; medium_width=&#8221;0&#8243; mobile_width=&#8221;0&#8243; width=&#8221;1\/2&#8243; uncode_shortcode_id=&#8221;181965&#8243;][vc_custom_heading text_color=&#8221;color-116820&#8243; text_size=&#8221;h5&#8243; text_weight=&#8221;300&#8243; uncode_shortcode_id=&#8221;859993&#8243; text_color_type=&#8221;uncode-palette&#8221;]<strong>Repretel<\/strong>[\/vc_custom_heading][vc_column_text uncode_shortcode_id=&#8221;643307&#8243;]C\/ Ram\u00f3n Areces, 4 \u2013 33211 GIJ\u00d3N Juan Jos\u00e9 Sierra Fern\u00e1ndez (Commercial Dept.)<br \/>\n<strong>+34 985 15 55 29 | repretel@repretel.net <\/strong>[\/vc_column_text][\/vc_column_inner][vc_column_inner column_width_percent=&#8221;71&#8243; gutter_size=&#8221;2&#8243; overlay_alpha=&#8221;50&#8243; shift_x=&#8221;0&#8243; shift_y=&#8221;0&#8243; shift_y_down=&#8221;0&#8243; z_index=&#8221;0&#8243; medium_width=&#8221;0&#8243; mobile_width=&#8221;0&#8243; width=&#8221;1\/2&#8243; uncode_shortcode_id=&#8221;153178&#8243;][\/vc_column_inner][\/vc_row_inner][\/vc_accordion_tab][vc_accordion_tab gutter_size=&#8221;2&#8243; column_padding=&#8221;2&#8243; title=&#8221;Foncal&#8221; tab_id=&#8221;1751016648944-3-3&#8243;][vc_row_inner row_inner_height_percent=&#8221;0&#8243; back_color=&#8221;color-xsdn&#8221; overlay_alpha=&#8221;50&#8243; equal_height=&#8221;yes&#8221; gutter_size=&#8221;3&#8243; shift_y=&#8221;0&#8243; z_index=&#8221;0&#8243; uncode_shortcode_id=&#8221;197089&#8243; back_color_type=&#8221;uncode-palette&#8221;][vc_column_inner column_width_percent=&#8221;100&#8243; gutter_size=&#8221;2&#8243; overlay_alpha=&#8221;50&#8243; shift_x=&#8221;0&#8243; shift_y=&#8221;0&#8243; shift_y_down=&#8221;0&#8243; z_index=&#8221;0&#8243; medium_width=&#8221;0&#8243; mobile_width=&#8221;0&#8243; width=&#8221;1\/2&#8243; uncode_shortcode_id=&#8221;181965&#8243;][vc_custom_heading text_color=&#8221;color-116820&#8243; text_size=&#8221;h5&#8243; text_weight=&#8221;300&#8243; uncode_shortcode_id=&#8221;158426&#8243; text_color_type=&#8221;uncode-palette&#8221;]<strong>Foncal<\/strong>[\/vc_custom_heading][vc_column_text uncode_shortcode_id=&#8221;113228&#8243;]C\/ Thomas Alva Edison 12, Pol. Ind. La Campana, El Rosario, 38109, S\/C de Tenerife<\/p>\n<p><strong>+34 922 62 40 00 | <\/strong><strong>clientes@foncal.es<\/strong>[\/vc_column_text][\/vc_column_inner][vc_column_inner column_width_percent=&#8221;71&#8243; gutter_size=&#8221;2&#8243; overlay_alpha=&#8221;50&#8243; shift_x=&#8221;0&#8243; shift_y=&#8221;0&#8243; shift_y_down=&#8221;0&#8243; z_index=&#8221;0&#8243; medium_width=&#8221;0&#8243; mobile_width=&#8221;0&#8243; width=&#8221;1\/2&#8243; uncode_shortcode_id=&#8221;153178&#8243;][\/vc_column_inner][\/vc_row_inner][\/vc_accordion_tab][vc_accordion_tab gutter_size=&#8221;2&#8243; column_padding=&#8221;2&#8243; title=&#8221;Datsa&#8221; tab_id=&#8221;1751016648944-3-39&#8243;][vc_row_inner row_inner_height_percent=&#8221;0&#8243; back_color=&#8221;color-xsdn&#8221; overlay_alpha=&#8221;50&#8243; equal_height=&#8221;yes&#8221; gutter_size=&#8221;3&#8243; shift_y=&#8221;0&#8243; z_index=&#8221;0&#8243; uncode_shortcode_id=&#8221;197089&#8243; back_color_type=&#8221;uncode-palette&#8221;][vc_column_inner column_width_percent=&#8221;100&#8243; gutter_size=&#8221;2&#8243; overlay_alpha=&#8221;50&#8243; shift_x=&#8221;0&#8243; shift_y=&#8221;0&#8243; shift_y_down=&#8221;0&#8243; z_index=&#8221;0&#8243; medium_width=&#8221;0&#8243; mobile_width=&#8221;0&#8243; width=&#8221;1\/2&#8243; uncode_shortcode_id=&#8221;181965&#8243;][vc_custom_heading text_color=&#8221;color-116820&#8243; text_size=&#8221;h5&#8243; text_weight=&#8221;300&#8243; uncode_shortcode_id=&#8221;144875&#8243; text_color_type=&#8221;uncode-palette&#8221;]<strong>Datsa<\/strong>[\/vc_custom_heading][vc_column_text uncode_shortcode_id=&#8221;208515&#8243;]Pol\u00edgono El Ca\u00f1amo III, Ronda El Ca\u00f1amo III, N\u00ba 16<br \/>\n41003 San Jos\u00e9 de la Rinconada (Seville)<\/p>\n<p><strong>+34 954 79 15 25 | jose<\/strong><strong>@datsaseguridad.com<\/strong>[\/vc_column_text][\/vc_column_inner][vc_column_inner column_width_percent=&#8221;71&#8243; gutter_size=&#8221;2&#8243; overlay_alpha=&#8221;50&#8243; shift_x=&#8221;0&#8243; shift_y=&#8221;0&#8243; shift_y_down=&#8221;0&#8243; z_index=&#8221;0&#8243; medium_width=&#8221;0&#8243; mobile_width=&#8221;0&#8243; width=&#8221;1\/2&#8243; uncode_shortcode_id=&#8221;153178&#8243;][\/vc_column_inner][\/vc_row_inner][\/vc_accordion_tab][\/vc_accordion][\/vc_column][\/vc_row]<\/p>\n<\/div>","protected":false},"excerpt":{"rendered":"<p>[vc_row unlock_row_content=&#8221;yes&#8221; row_height_percent=&#8221;0&#8243; override_padding=&#8221;yes&#8221; h_padding=&#8221;2&#8243; top_padding=&#8221;5&#8243; bottom_padding=&#8221;5&#8243; back_color=&#8221;color-gyho&#8221; overlay_alpha=&#8221;50&#8243; gutter_size=&#8221;3&#8243; column_width_percent=&#8221;100&#8243; shift_y=&#8221;0&#8243; z_index=&#8221;0&#8243; content_parallax=&#8221;0&#8243; uncode_shortcode_id=&#8221;705008&#8243; back_color_type=&#8221;uncode-palette&#8221;][vc_column column_width_use_pixel=&#8221;yes&#8221; gutter_size=&#8221;4&#8243; override_padding=&#8221;yes&#8221; column_padding=&#8221;3&#8243; [&hellip;]<\/p>\n","protected":false},"author":4,"featured_media":0,"parent":0,"menu_order":0,"comment_status":"closed","ping_status":"closed","template":"","meta":{"_acf_changed":false,"footnotes":""},"class_list":["post-160331","page","type-page","status-publish","hentry"],"acf":[],"_links":{"self":[{"href":"https:\/\/cofem.com\/en\/wp-json\/wp\/v2\/pages\/160331","targetHints":{"allow":["GET"]}}],"collection":[{"href":"https:\/\/cofem.com\/en\/wp-json\/wp\/v2\/pages"}],"about":[{"href":"https:\/\/cofem.com\/en\/wp-json\/wp\/v2\/types\/page"}],"author":[{"embeddable":true,"href":"https:\/\/cofem.com\/en\/wp-json\/wp\/v2\/users\/4"}],"replies":[{"embeddable":true,"href":"https:\/\/cofem.com\/en\/wp-json\/wp\/v2\/comments?post=160331"}],"version-history":[{"count":0,"href":"https:\/\/cofem.com\/en\/wp-json\/wp\/v2\/pages\/160331\/revisions"}],"wp:attachment":[{"href":"https:\/\/cofem.com\/en\/wp-json\/wp\/v2\/media?parent=160331"}],"curies":[{"name":"wp","href":"https:\/\/api.w.org\/{rel}","templated":true}]}}